{"id":433,"date":"2020-02-06T16:20:06","date_gmt":"2020-02-06T15:20:06","guid":{"rendered":"http:\/\/adhesifs-decals.fr\/?post_type=product&#038;p=433"},"modified":"2021-03-05T14:23:32","modified_gmt":"2021-03-05T13:23:32","slug":"r-turbo-2","status":"publish","type":"product","link":"https:\/\/adhesifs-decals.fr\/?product=r-turbo-2","title":{"rendered":"R-Turbo 2"},"content":{"rendered":"<div>\n<div>Paire de marquage \u00ab Turbo \u00bb<\/div>\n<div><\/div>\n<div>Vinyle polym\u00e8re blanc, d\u00e9coup\u00e9 et plac\u00e9 sous transfert.<\/div>\n<div><\/div>\n<div>Non OEM, adaptable sur v\u00e9hicule<\/div>\n<\/div>\n<div><\/div>\n<p><a href=\"https:\/\/adhesifs-decals.fr\"><img decoding=\"async\" class=\"alignnone wp-image-42\" src=\"https:\/\/adhesifs-decals.fr\/wp-content\/uploads\/2019\/12\/logoAD-fi13159433x257.png\" alt=\"\" width=\"200\" height=\"99\" \/><\/a><\/p>\n<p>Pour plus d&rsquo;informations sur les produits ou pour une r\u00e9alisation sp\u00e9ciale veuillez nous contacter <a href=\"https:\/\/adhesifs-decals.fr\/?page_id=172\">ici <\/a>ou sur notre <a href=\"https:\/\/www.facebook.com\/Adh\u00e9sifs-D\u00e9cals-104616611296568\">Facebook.<\/a><\/p>\n","protected":false},"excerpt":{"rendered":"<div>Paire de marquage \u00ab Turbo \u00bb<\/div>\n<div><\/div>\n<div>Vinyle polym\u00e8re blanc, d\u00e9coup\u00e9 et plac\u00e9 sous transfert.<\/div>\n<div><\/div>\n<div>Non OEM, adaptable sur v\u00e9hicule<\/div>\n","protected":false},"featured_media":434,"template":"","meta":[],"product_cat":[24,44,20],"product_tag":[],"aioseo_notices":[],"_links":{"self":[{"href":"https:\/\/adhesifs-decals.fr\/index.php?rest_route=\/wp\/v2\/product\/433"}],"collection":[{"href":"https:\/\/adhesifs-decals.fr\/index.php?rest_route=\/wp\/v2\/product"}],"about":[{"href":"https:\/\/adhesifs-decals.fr\/index.php?rest_route=\/wp\/v2\/types\/product"}],"wp:featuredmedia":[{"embeddable":true,"href":"https:\/\/adhesifs-decals.fr\/index.php?rest_route=\/wp\/v2\/media\/434"}],"wp:attachment":[{"href":"https:\/\/adhesifs-decals.fr\/index.php?rest_route=%2Fwp%2Fv2%2Fmedia&parent=433"}],"wp:term":[{"taxonomy":"product_cat","embeddable":true,"href":"https:\/\/adhesifs-decals.fr\/index.php?rest_route=%2Fwp%2Fv2%2Fproduct_cat&post=433"},{"taxonomy":"product_tag","embeddable":true,"href":"https:\/\/adhesifs-decals.fr\/index.php?rest_route=%2Fwp%2Fv2%2Fproduct_tag&post=433"}],"curies":[{"name":"wp","href":"https:\/\/api.w.org\/{rel}","templated":true}]}}