{"id":427,"date":"2020-02-06T16:15:57","date_gmt":"2020-02-06T15:15:57","guid":{"rendered":"http:\/\/adhesifs-decals.fr\/?post_type=product&#038;p=427"},"modified":"2020-08-10T17:02:05","modified_gmt":"2020-08-10T15:02:05","slug":"r-tracto-control","status":"publish","type":"product","link":"https:\/\/adhesifs-decals.fr\/?product=r-tracto-control","title":{"rendered":"R-Tracto-control"},"content":{"rendered":"","protected":false},"excerpt":{"rendered":"<p>Marquage tracto-control.<\/p>\n<p>Vinyle teint\u00e9 masse blanc ou noir, d\u00e9coup\u00e9 et plac\u00e9 sous transfert.<\/p>\n<p>Non OEM, \u00e9l\u00e9ments adaptables sur le v\u00e9hicule.<\/p>\n","protected":false},"featured_media":2632,"template":"","meta":[],"product_cat":[24,44,20],"product_tag":[],"aioseo_notices":[],"_links":{"self":[{"href":"https:\/\/adhesifs-decals.fr\/index.php?rest_route=\/wp\/v2\/product\/427"}],"collection":[{"href":"https:\/\/adhesifs-decals.fr\/index.php?rest_route=\/wp\/v2\/product"}],"about":[{"href":"https:\/\/adhesifs-decals.fr\/index.php?rest_route=\/wp\/v2\/types\/product"}],"wp:featuredmedia":[{"embeddable":true,"href":"https:\/\/adhesifs-decals.fr\/index.php?rest_route=\/wp\/v2\/media\/2632"}],"wp:attachment":[{"href":"https:\/\/adhesifs-decals.fr\/index.php?rest_route=%2Fwp%2Fv2%2Fmedia&parent=427"}],"wp:term":[{"taxonomy":"product_cat","embeddable":true,"href":"https:\/\/adhesifs-decals.fr\/index.php?rest_route=%2Fwp%2Fv2%2Fproduct_cat&post=427"},{"taxonomy":"product_tag","embeddable":true,"href":"https:\/\/adhesifs-decals.fr\/index.php?rest_route=%2Fwp%2Fv2%2Fproduct_tag&post=427"}],"curies":[{"name":"wp","href":"https:\/\/api.w.org\/{rel}","templated":true}]}}