{"id":417,"date":"2020-02-06T16:09:00","date_gmt":"2020-02-06T15:09:00","guid":{"rendered":"http:\/\/adhesifs-decals.fr\/?post_type=product&#038;p=417"},"modified":"2022-03-14T09:24:13","modified_gmt":"2022-03-14T08:24:13","slug":"r-acet","status":"publish","type":"product","link":"https:\/\/adhesifs-decals.fr\/?product=r-acet","title":{"rendered":"R-ACET"},"content":{"rendered":"","protected":false},"excerpt":{"rendered":"<p style=\"font-weight: 400;\">Paire d\u2019autocollant ACET pour Renault.<\/p>\n<p style=\"font-weight: 400;\">Vinyle polym\u00e8re blanc, d\u00e9coup\u00e9 et plac\u00e9 sous transfert.<\/p>\n<p style=\"font-weight: 400;\">Non OEM\u00a0, \u00e9l\u00e9ments adaptables sur v\u00e9hicule.<\/p>\n","protected":false},"featured_media":418,"template":"","meta":[],"product_cat":[24,44,20],"product_tag":[],"aioseo_notices":[],"_links":{"self":[{"href":"https:\/\/adhesifs-decals.fr\/index.php?rest_route=\/wp\/v2\/product\/417"}],"collection":[{"href":"https:\/\/adhesifs-decals.fr\/index.php?rest_route=\/wp\/v2\/product"}],"about":[{"href":"https:\/\/adhesifs-decals.fr\/index.php?rest_route=\/wp\/v2\/types\/product"}],"wp:featuredmedia":[{"embeddable":true,"href":"https:\/\/adhesifs-decals.fr\/index.php?rest_route=\/wp\/v2\/media\/418"}],"wp:attachment":[{"href":"https:\/\/adhesifs-decals.fr\/index.php?rest_route=%2Fwp%2Fv2%2Fmedia&parent=417"}],"wp:term":[{"taxonomy":"product_cat","embeddable":true,"href":"https:\/\/adhesifs-decals.fr\/index.php?rest_route=%2Fwp%2Fv2%2Fproduct_cat&post=417"},{"taxonomy":"product_tag","embeddable":true,"href":"https:\/\/adhesifs-decals.fr\/index.php?rest_route=%2Fwp%2Fv2%2Fproduct_tag&post=417"}],"curies":[{"name":"wp","href":"https:\/\/api.w.org\/{rel}","templated":true}]}}