{"id":4061,"date":"2023-01-25T15:34:15","date_gmt":"2023-01-25T14:34:15","guid":{"rendered":"https:\/\/adhesifs-decals.fr\/?post_type=product&#038;p=4061"},"modified":"2023-01-25T15:36:54","modified_gmt":"2023-01-25T14:36:54","slug":"inter-accel-3","status":"publish","type":"product","link":"https:\/\/adhesifs-decals.fr\/?product=inter-accel-3","title":{"rendered":"Inter-Accel-3"},"content":{"rendered":"","protected":false},"excerpt":{"rendered":"<p>Sticker pour commande d\u2019acc\u00e9l\u00e9rateur pour tracteur International (733)<u><\/u><u><\/u><\/p>\n<p>Impression, lamination d\u00e9coupe.<u><\/u><u><\/u><\/p>\n<p>Non OEM\u00a0, \u00e9l\u00e9ments adaptables sur v\u00e9hicule.<\/p>\n","protected":false},"featured_media":4062,"template":"","meta":[],"product_cat":[25,43,21],"product_tag":[],"aioseo_notices":[],"_links":{"self":[{"href":"https:\/\/adhesifs-decals.fr\/index.php?rest_route=\/wp\/v2\/product\/4061"}],"collection":[{"href":"https:\/\/adhesifs-decals.fr\/index.php?rest_route=\/wp\/v2\/product"}],"about":[{"href":"https:\/\/adhesifs-decals.fr\/index.php?rest_route=\/wp\/v2\/types\/product"}],"wp:featuredmedia":[{"embeddable":true,"href":"https:\/\/adhesifs-decals.fr\/index.php?rest_route=\/wp\/v2\/media\/4062"}],"wp:attachment":[{"href":"https:\/\/adhesifs-decals.fr\/index.php?rest_route=%2Fwp%2Fv2%2Fmedia&parent=4061"}],"wp:term":[{"taxonomy":"product_cat","embeddable":true,"href":"https:\/\/adhesifs-decals.fr\/index.php?rest_route=%2Fwp%2Fv2%2Fproduct_cat&post=4061"},{"taxonomy":"product_tag","embeddable":true,"href":"https:\/\/adhesifs-decals.fr\/index.php?rest_route=%2Fwp%2Fv2%2Fproduct_tag&post=4061"}],"curies":[{"name":"wp","href":"https:\/\/api.w.org\/{rel}","templated":true}]}}