{"id":4059,"date":"2023-01-25T15:31:51","date_gmt":"2023-01-25T14:31:51","guid":{"rendered":"https:\/\/adhesifs-decals.fr\/?post_type=product&#038;p=4059"},"modified":"2023-01-25T15:33:25","modified_gmt":"2023-01-25T14:33:25","slug":"inter-pto-2","status":"publish","type":"product","link":"https:\/\/adhesifs-decals.fr\/?product=inter-pto-2","title":{"rendered":"Inter-PTO 2"},"content":{"rendered":"","protected":false},"excerpt":{"rendered":"<p>Autocollant de pr\u00e9conisation levier PTO (733)<u><\/u><u><\/u><\/p>\n<p>Impression, lamination d\u00e9coupe.<u><\/u><u><\/u><\/p>\n<p>Non OEM\u00a0, \u00e9l\u00e9ments adaptables sur v\u00e9hicule.<\/p>\n<p style=\"font-weight: 400;\">Non OEM\u00a0, \u00e9l\u00e9ments adaptables sur v\u00e9hicule.<\/p>\n","protected":false},"featured_media":4060,"template":"","meta":[],"product_cat":[25,43,21],"product_tag":[],"aioseo_notices":[],"_links":{"self":[{"href":"https:\/\/adhesifs-decals.fr\/index.php?rest_route=\/wp\/v2\/product\/4059"}],"collection":[{"href":"https:\/\/adhesifs-decals.fr\/index.php?rest_route=\/wp\/v2\/product"}],"about":[{"href":"https:\/\/adhesifs-decals.fr\/index.php?rest_route=\/wp\/v2\/types\/product"}],"wp:featuredmedia":[{"embeddable":true,"href":"https:\/\/adhesifs-decals.fr\/index.php?rest_route=\/wp\/v2\/media\/4060"}],"wp:attachment":[{"href":"https:\/\/adhesifs-decals.fr\/index.php?rest_route=%2Fwp%2Fv2%2Fmedia&parent=4059"}],"wp:term":[{"taxonomy":"product_cat","embeddable":true,"href":"https:\/\/adhesifs-decals.fr\/index.php?rest_route=%2Fwp%2Fv2%2Fproduct_cat&post=4059"},{"taxonomy":"product_tag","embeddable":true,"href":"https:\/\/adhesifs-decals.fr\/index.php?rest_route=%2Fwp%2Fv2%2Fproduct_tag&post=4059"}],"curies":[{"name":"wp","href":"https:\/\/api.w.org\/{rel}","templated":true}]}}