{"id":3862,"date":"2022-11-03T10:36:42","date_gmt":"2022-11-03T09:36:42","guid":{"rendered":"https:\/\/adhesifs-decals.fr\/?post_type=product&#038;p=3862"},"modified":"2022-11-03T10:37:41","modified_gmt":"2022-11-03T09:37:41","slug":"jeu-de-bandeaux-adhesifs-pour-renault-rn-0656","status":"publish","type":"product","link":"https:\/\/adhesifs-decals.fr\/?product=jeu-de-bandeaux-adhesifs-pour-renault-rn-0656","title":{"rendered":"Jeu de bandeaux adh\u00e9sifs pour RENAULT RN-0656"},"content":{"rendered":"<p>Jeu de bandeaux capot pour RENAULT 656<u><\/u><u><\/u><\/p>\n<p>Impression, lamination d\u00e9coupe sur vinyle polym\u00e8re \u00e0 colle structur\u00e9e (cela \u00e9vite de faire des bulles lors du collage)<u><\/u><u><\/u><\/p>\n<p>2 autocollants en finition mate.<u><\/u><u><\/u><\/p>\n<p>Non OEM\u00a0, \u00e9l\u00e9ments adaptables sur v\u00e9hicule<\/p>\n<p><a href=\"https:\/\/adhesifs-decals.fr\"><img decoding=\"async\" class=\"alignnone wp-image-42\" src=\"https:\/\/adhesifs-decals.fr\/wp-content\/uploads\/2019\/12\/logoAD-fi13159433x257.png\" alt=\"\" width=\"200\" height=\"99\" \/><\/a><\/p>\n<p>Pour plus d&rsquo;informations sur les produits ou pour une r\u00e9alisation sp\u00e9ciale veuillez nous contacter <a href=\"https:\/\/adhesifs-decals.fr\/?page_id=172\">ici<\/a>.<\/p>\n","protected":false},"excerpt":{"rendered":"<p>Jeu de bandeaux capot pour RENAULT 656<u><\/u><u><\/u><\/p>\n<p>Impression, lamination d\u00e9coupe sur vinyle polym\u00e8re \u00e0 colle structur\u00e9e (cela \u00e9vite de faire des bulles lors du collage)<u><\/u><u><\/u><\/p>\n<p>2 autocollants en finition mate.<u><\/u><u><\/u><\/p>\n<p>Non OEM\u00a0, \u00e9l\u00e9ments adaptables sur v\u00e9hicule<\/p>\n","protected":false},"featured_media":3863,"template":"","meta":[],"product_cat":[19,20],"product_tag":[],"aioseo_notices":[],"_links":{"self":[{"href":"https:\/\/adhesifs-decals.fr\/index.php?rest_route=\/wp\/v2\/product\/3862"}],"collection":[{"href":"https:\/\/adhesifs-decals.fr\/index.php?rest_route=\/wp\/v2\/product"}],"about":[{"href":"https:\/\/adhesifs-decals.fr\/index.php?rest_route=\/wp\/v2\/types\/product"}],"wp:featuredmedia":[{"embeddable":true,"href":"https:\/\/adhesifs-decals.fr\/index.php?rest_route=\/wp\/v2\/media\/3863"}],"wp:attachment":[{"href":"https:\/\/adhesifs-decals.fr\/index.php?rest_route=%2Fwp%2Fv2%2Fmedia&parent=3862"}],"wp:term":[{"taxonomy":"product_cat","embeddable":true,"href":"https:\/\/adhesifs-decals.fr\/index.php?rest_route=%2Fwp%2Fv2%2Fproduct_cat&post=3862"},{"taxonomy":"product_tag","embeddable":true,"href":"https:\/\/adhesifs-decals.fr\/index.php?rest_route=%2Fwp%2Fv2%2Fproduct_tag&post=3862"}],"curies":[{"name":"wp","href":"https:\/\/api.w.org\/{rel}","templated":true}]}}