{"id":3831,"date":"2022-11-02T14:33:38","date_gmt":"2022-11-02T13:33:38","guid":{"rendered":"https:\/\/adhesifs-decals.fr\/?post_type=product&#038;p=3831"},"modified":"2023-08-23T14:23:19","modified_gmt":"2023-08-23T12:23:19","slug":"jeu-de-bandeaux-adhesifs-pour-deutz-dl-06807","status":"publish","type":"product","link":"https:\/\/adhesifs-decals.fr\/?product=jeu-de-bandeaux-adhesifs-pour-deutz-dl-06807","title":{"rendered":"Jeu de bandeaux adh\u00e9sifs pour Deutz-DL-06807 Sync"},"content":{"rendered":"<p>Jeu de bandeaux adh\u00e9sifs pour Deutz 6807 Synchro.<u><\/u><u><\/u><\/p>\n<p>Vinyle polym\u00e8re blanc teint\u00e9 masse, d\u00e9coup\u00e9 et plac\u00e9 sous transfert pour faciliter la pose.<u><\/u><u><\/u><\/p>\n<p>Laisse apparaitre la teinte carrosserie au niveau des textes.<u><\/u><u><\/u><\/p>\n<p>Num\u00e9ros en impression, lamination anti-UV et d\u00e9coupe.<u><\/u><u><\/u><\/p>\n<p>Non OEM\u00a0, \u00e9l\u00e9ments adaptables sur v\u00e9hicule.<\/p>\n<p><a href=\"https:\/\/adhesifs-decals.fr\"><img decoding=\"async\" class=\"alignnone wp-image-42\" src=\"https:\/\/adhesifs-decals.fr\/wp-content\/uploads\/2019\/12\/logoAD-fi13159433x257.png\" alt=\"\" width=\"200\" height=\"99\" \/><\/a><\/p>\n<p>Pour plus d&rsquo;informations sur les produits ou pour une r\u00e9alisation sp\u00e9ciale veuillez nous contacter <a href=\"https:\/\/adhesifs-decals.fr\/?page_id=172\">ici <\/a>ou sur notre <a href=\"https:\/\/www.facebook.com\/Adh\u00e9sifs-D\u00e9cals-104616611296568\">Facebook.<\/a><\/p>\n","protected":false},"excerpt":{"rendered":"<p>Jeu de bandeaux adh\u00e9sifs pour Deutz 6807 Synchro.<u><\/u><u><\/u><\/p>\n<p>Vinyle polym\u00e8re blanc teint\u00e9 masse, d\u00e9coup\u00e9 et plac\u00e9 sous transfert pour faciliter la pose.<u><\/u><u><\/u><\/p>\n<p>Laisse apparaitre la teinte carrosserie au niveau des textes.<u><\/u><u><\/u><\/p>\n<p>Num\u00e9ros en impression, lamination anti-UV et d\u00e9coupe.<u><\/u><u><\/u><\/p>\n<p>Non OEM\u00a0, \u00e9l\u00e9ments adaptables sur v\u00e9hicule.<\/p>\n","protected":false},"featured_media":4284,"template":"","meta":[],"product_cat":[38,37],"product_tag":[],"aioseo_notices":[],"_links":{"self":[{"href":"https:\/\/adhesifs-decals.fr\/index.php?rest_route=\/wp\/v2\/product\/3831"}],"collection":[{"href":"https:\/\/adhesifs-decals.fr\/index.php?rest_route=\/wp\/v2\/product"}],"about":[{"href":"https:\/\/adhesifs-decals.fr\/index.php?rest_route=\/wp\/v2\/types\/product"}],"wp:featuredmedia":[{"embeddable":true,"href":"https:\/\/adhesifs-decals.fr\/index.php?rest_route=\/wp\/v2\/media\/4284"}],"wp:attachment":[{"href":"https:\/\/adhesifs-decals.fr\/index.php?rest_route=%2Fwp%2Fv2%2Fmedia&parent=3831"}],"wp:term":[{"taxonomy":"product_cat","embeddable":true,"href":"https:\/\/adhesifs-decals.fr\/index.php?rest_route=%2Fwp%2Fv2%2Fproduct_cat&post=3831"},{"taxonomy":"product_tag","embeddable":true,"href":"https:\/\/adhesifs-decals.fr\/index.php?rest_route=%2Fwp%2Fv2%2Fproduct_tag&post=3831"}],"curies":[{"name":"wp","href":"https:\/\/api.w.org\/{rel}","templated":true}]}}