{"id":3793,"date":"2022-11-02T11:06:07","date_gmt":"2022-11-02T10:06:07","guid":{"rendered":"https:\/\/adhesifs-decals.fr\/?post_type=product&#038;p=3793"},"modified":"2022-11-02T11:07:12","modified_gmt":"2022-11-02T10:07:12","slug":"jeu-de-bandeaux-adhesifs-pour-fiat-g-080-88-dt","status":"publish","type":"product","link":"https:\/\/adhesifs-decals.fr\/?product=jeu-de-bandeaux-adhesifs-pour-fiat-g-080-88-dt","title":{"rendered":"Jeu de bandeaux adh\u00e9sifs pour Fiat G-080-88 DT"},"content":{"rendered":"<p>Jeu de marquages pour Fiat 80-88 DT.<u><\/u><u><\/u><\/p>\n<p>Bandeaux en Impression, lamination et d\u00e9coupe.<u><\/u><u><\/u><\/p>\n<p>Non OEM\u00a0, \u00e9l\u00e9ments adaptables sur v\u00e9hicule<\/p>\n<p><a href=\"https:\/\/adhesifs-decals.fr\"><img decoding=\"async\" class=\"alignnone wp-image-42\" src=\"https:\/\/adhesifs-decals.fr\/wp-content\/uploads\/2019\/12\/logoAD-fi13159433x257.png\" alt=\"\" width=\"200\" height=\"99\" \/><\/a><\/p>\n<p>Pour plus d&rsquo;informations sur les produits ou pour une r\u00e9alisation sp\u00e9ciale veuillez nous contacter <a href=\"https:\/\/adhesifs-decals.fr\/?page_id=172\">ici <\/a>ou sur notre <a href=\"https:\/\/www.facebook.com\/Adh\u00e9sifs-D\u00e9cals-104616611296568\">Facebook.<\/a><\/p>\n","protected":false},"excerpt":{"rendered":"<p>Jeu de marquages pour Fiat 80-88 DT.<u><\/u><u><\/u><\/p>\n<p>Bandeaux en Impression, lamination et d\u00e9coupe.<u><\/u><u><\/u><\/p>\n<p>Non OEM\u00a0, \u00e9l\u00e9ments adaptables sur v\u00e9hicule<\/p>\n","protected":false},"featured_media":3794,"template":"","meta":[],"product_cat":[36,35],"product_tag":[],"aioseo_notices":[],"_links":{"self":[{"href":"https:\/\/adhesifs-decals.fr\/index.php?rest_route=\/wp\/v2\/product\/3793"}],"collection":[{"href":"https:\/\/adhesifs-decals.fr\/index.php?rest_route=\/wp\/v2\/product"}],"about":[{"href":"https:\/\/adhesifs-decals.fr\/index.php?rest_route=\/wp\/v2\/types\/product"}],"wp:featuredmedia":[{"embeddable":true,"href":"https:\/\/adhesifs-decals.fr\/index.php?rest_route=\/wp\/v2\/media\/3794"}],"wp:attachment":[{"href":"https:\/\/adhesifs-decals.fr\/index.php?rest_route=%2Fwp%2Fv2%2Fmedia&parent=3793"}],"wp:term":[{"taxonomy":"product_cat","embeddable":true,"href":"https:\/\/adhesifs-decals.fr\/index.php?rest_route=%2Fwp%2Fv2%2Fproduct_cat&post=3793"},{"taxonomy":"product_tag","embeddable":true,"href":"https:\/\/adhesifs-decals.fr\/index.php?rest_route=%2Fwp%2Fv2%2Fproduct_tag&post=3793"}],"curies":[{"name":"wp","href":"https:\/\/api.w.org\/{rel}","templated":true}]}}