{"id":3734,"date":"2022-10-31T15:54:41","date_gmt":"2022-10-31T14:54:41","guid":{"rendered":"https:\/\/adhesifs-decals.fr\/?post_type=product&#038;p=3734"},"modified":"2022-10-31T15:56:34","modified_gmt":"2022-10-31T14:56:34","slug":"inter-filtre-a-air-2","status":"publish","type":"product","link":"https:\/\/adhesifs-decals.fr\/?product=inter-filtre-a-air-2","title":{"rendered":"Inter-Filtre \u00e0 air-2"},"content":{"rendered":"","protected":false},"excerpt":{"rendered":"<p style=\"font-weight: 400;\">Autocollant de filtre \u00e0 air, notamment le 946<\/p>\n<p style=\"font-weight: 400;\">Impression, lamination d\u00e9coupe.<\/p>\n<p style=\"font-weight: 400;\">Non OEM\u00a0, \u00e9l\u00e9ments adaptables sur v\u00e9hicule.<\/p>\n","protected":false},"featured_media":3735,"template":"","meta":[],"product_cat":[25,43,21],"product_tag":[],"aioseo_notices":[],"_links":{"self":[{"href":"https:\/\/adhesifs-decals.fr\/index.php?rest_route=\/wp\/v2\/product\/3734"}],"collection":[{"href":"https:\/\/adhesifs-decals.fr\/index.php?rest_route=\/wp\/v2\/product"}],"about":[{"href":"https:\/\/adhesifs-decals.fr\/index.php?rest_route=\/wp\/v2\/types\/product"}],"wp:featuredmedia":[{"embeddable":true,"href":"https:\/\/adhesifs-decals.fr\/index.php?rest_route=\/wp\/v2\/media\/3735"}],"wp:attachment":[{"href":"https:\/\/adhesifs-decals.fr\/index.php?rest_route=%2Fwp%2Fv2%2Fmedia&parent=3734"}],"wp:term":[{"taxonomy":"product_cat","embeddable":true,"href":"https:\/\/adhesifs-decals.fr\/index.php?rest_route=%2Fwp%2Fv2%2Fproduct_cat&post=3734"},{"taxonomy":"product_tag","embeddable":true,"href":"https:\/\/adhesifs-decals.fr\/index.php?rest_route=%2Fwp%2Fv2%2Fproduct_tag&post=3734"}],"curies":[{"name":"wp","href":"https:\/\/api.w.org\/{rel}","templated":true}]}}