{"id":3731,"date":"2022-10-31T15:50:53","date_gmt":"2022-10-31T14:50:53","guid":{"rendered":"https:\/\/adhesifs-decals.fr\/?post_type=product&#038;p=3731"},"modified":"2023-05-02T10:49:23","modified_gmt":"2023-05-02T08:49:23","slug":"inter-kit-interieur-2","status":"publish","type":"product","link":"https:\/\/adhesifs-decals.fr\/?product=inter-kit-interieur-2","title":{"rendered":"Inter-Kit int\u00e9rieur-2"},"content":{"rendered":"","protected":false},"excerpt":{"rendered":"<p style=\"font-weight: 400;\">Kit autocollants int\u00e9rieur de cabine notamment 845.<\/p>\n<p style=\"font-weight: 400;\">Impression, lamination d\u00e9coupe.<\/p>\n<p style=\"font-weight: 400;\">Non OEM\u00a0, \u00e9l\u00e9ments adaptables sur v\u00e9hicule.<\/p>\n","protected":false},"featured_media":3757,"template":"","meta":[],"product_cat":[25,43,21],"product_tag":[],"aioseo_notices":[],"_links":{"self":[{"href":"https:\/\/adhesifs-decals.fr\/index.php?rest_route=\/wp\/v2\/product\/3731"}],"collection":[{"href":"https:\/\/adhesifs-decals.fr\/index.php?rest_route=\/wp\/v2\/product"}],"about":[{"href":"https:\/\/adhesifs-decals.fr\/index.php?rest_route=\/wp\/v2\/types\/product"}],"wp:featuredmedia":[{"embeddable":true,"href":"https:\/\/adhesifs-decals.fr\/index.php?rest_route=\/wp\/v2\/media\/3757"}],"wp:attachment":[{"href":"https:\/\/adhesifs-decals.fr\/index.php?rest_route=%2Fwp%2Fv2%2Fmedia&parent=3731"}],"wp:term":[{"taxonomy":"product_cat","embeddable":true,"href":"https:\/\/adhesifs-decals.fr\/index.php?rest_route=%2Fwp%2Fv2%2Fproduct_cat&post=3731"},{"taxonomy":"product_tag","embeddable":true,"href":"https:\/\/adhesifs-decals.fr\/index.php?rest_route=%2Fwp%2Fv2%2Fproduct_tag&post=3731"}],"curies":[{"name":"wp","href":"https:\/\/api.w.org\/{rel}","templated":true}]}}