{"id":3523,"date":"2022-02-07T14:26:35","date_gmt":"2022-02-07T13:26:35","guid":{"rendered":"https:\/\/adhesifs-decals.fr\/?post_type=product&#038;p=3523"},"modified":"2022-06-13T10:53:14","modified_gmt":"2022-06-13T08:53:14","slug":"jeu-de-bandeaux-adhesifs-pour-renault-rvb-077-14ts-tracfor","status":"publish","type":"product","link":"https:\/\/adhesifs-decals.fr\/?product=jeu-de-bandeaux-adhesifs-pour-renault-rvb-077-14ts-tracfor","title":{"rendered":"Jeu de bandeaux adh\u00e9sifs pour RENAULT RVB-077-14TS Tracfor"},"content":{"rendered":"<p>Jeu de bandeaux capot pour RENAULT 077-14 TS Tracfor<u><\/u><u><\/u><\/p>\n<p>Vinyle polym\u00e8re teint\u00e9 masse, d\u00e9coup\u00e9 et plac\u00e9 sous transfert pour faciliter la pose<u><\/u><u><\/u><\/p>\n<p>Non OEM\u00a0, \u00e9l\u00e9ments adaptables sur v\u00e9hicule.<\/p>\n<p><a href=\"https:\/\/adhesifs-decals.fr\"><img decoding=\"async\" class=\"alignnone wp-image-42\" src=\"https:\/\/adhesifs-decals.fr\/wp-content\/uploads\/2019\/12\/logoAD-fi13159433x257.png\" alt=\"\" width=\"200\" height=\"99\" \/><\/a><\/p>\n<p>Pour plus d&rsquo;informations sur les produits ou pour une r\u00e9alisation sp\u00e9ciale veuillez nous contacter <a href=\"https:\/\/adhesifs-decals.fr\/?page_id=172\">ici<\/a>.<\/p>\n","protected":false},"excerpt":{"rendered":"<p>Jeu de bandeaux capot pour RENAULT 077-14 TS Tracfor<u><\/u><u><\/u><\/p>\n<p>Vinyle polym\u00e8re teint\u00e9 masse, d\u00e9coup\u00e9 et plac\u00e9 sous transfert pour faciliter la pose<u><\/u><u><\/u><\/p>\n<p>Non OEM\u00a0, \u00e9l\u00e9ments adaptables sur v\u00e9hicule.<\/p>\n","protected":false},"featured_media":3524,"template":"","meta":[],"product_cat":[19,20],"product_tag":[],"aioseo_notices":[],"_links":{"self":[{"href":"https:\/\/adhesifs-decals.fr\/index.php?rest_route=\/wp\/v2\/product\/3523"}],"collection":[{"href":"https:\/\/adhesifs-decals.fr\/index.php?rest_route=\/wp\/v2\/product"}],"about":[{"href":"https:\/\/adhesifs-decals.fr\/index.php?rest_route=\/wp\/v2\/types\/product"}],"wp:featuredmedia":[{"embeddable":true,"href":"https:\/\/adhesifs-decals.fr\/index.php?rest_route=\/wp\/v2\/media\/3524"}],"wp:attachment":[{"href":"https:\/\/adhesifs-decals.fr\/index.php?rest_route=%2Fwp%2Fv2%2Fmedia&parent=3523"}],"wp:term":[{"taxonomy":"product_cat","embeddable":true,"href":"https:\/\/adhesifs-decals.fr\/index.php?rest_route=%2Fwp%2Fv2%2Fproduct_cat&post=3523"},{"taxonomy":"product_tag","embeddable":true,"href":"https:\/\/adhesifs-decals.fr\/index.php?rest_route=%2Fwp%2Fv2%2Fproduct_tag&post=3523"}],"curies":[{"name":"wp","href":"https:\/\/api.w.org\/{rel}","templated":true}]}}