{"id":3263,"date":"2021-04-14T10:37:17","date_gmt":"2021-04-14T08:37:17","guid":{"rendered":"https:\/\/adhesifs-decals.fr\/?post_type=product&#038;p=3263"},"modified":"2021-04-14T10:39:51","modified_gmt":"2021-04-14T08:39:51","slug":"som-prise-force-1","status":"publish","type":"product","link":"https:\/\/adhesifs-decals.fr\/?product=som-prise-force-1","title":{"rendered":"Som-Prise force-1"},"content":{"rendered":"<p>Stickers pr\u00e9conisations Prise de force Someca.<u><\/u><u><\/u><\/p>\n<p>Impression, lamination d\u00e9coupe.<u><\/u><u><\/u><\/p>\n<p>Non OEM\u00a0, \u00e9l\u00e9ments adaptables sur v\u00e9hicule.<\/p>\n<p><a href=\"https:\/\/adhesifs-decals.fr\"><img decoding=\"async\" class=\"alignnone wp-image-42\" src=\"https:\/\/adhesifs-decals.fr\/wp-content\/uploads\/2019\/12\/logoAD-fi13159433x257.png\" alt=\"\" width=\"200\" height=\"99\" \/><\/a><\/p>\n<p>Pour plus d&rsquo;informations sur les produits ou pour une r\u00e9alisation sp\u00e9ciale veuillez nous contacter <a href=\"https:\/\/adhesifs-decals.fr\/?page_id=172\">ici <\/a>ou sur notre <a href=\"https:\/\/www.facebook.com\/Adh\u00e9sifs-D\u00e9cals-104616611296568\">Facebook.<\/a><\/p>\n<p>&nbsp;<\/p>\n","protected":false},"excerpt":{"rendered":"<p>Stickers pr\u00e9conisations Prise de force Someca.<u><\/u><u><\/u><\/p>\n<p>Impression, lamination d\u00e9coupe.<u><\/u><u><\/u><\/p>\n<p>Non OEM\u00a0, \u00e9l\u00e9ments adaptables sur v\u00e9hicule.<\/p>\n","protected":false},"featured_media":3264,"template":"","meta":[],"product_cat":[48,26],"product_tag":[],"aioseo_notices":[],"_links":{"self":[{"href":"https:\/\/adhesifs-decals.fr\/index.php?rest_route=\/wp\/v2\/product\/3263"}],"collection":[{"href":"https:\/\/adhesifs-decals.fr\/index.php?rest_route=\/wp\/v2\/product"}],"about":[{"href":"https:\/\/adhesifs-decals.fr\/index.php?rest_route=\/wp\/v2\/types\/product"}],"wp:featuredmedia":[{"embeddable":true,"href":"https:\/\/adhesifs-decals.fr\/index.php?rest_route=\/wp\/v2\/media\/3264"}],"wp:attachment":[{"href":"https:\/\/adhesifs-decals.fr\/index.php?rest_route=%2Fwp%2Fv2%2Fmedia&parent=3263"}],"wp:term":[{"taxonomy":"product_cat","embeddable":true,"href":"https:\/\/adhesifs-decals.fr\/index.php?rest_route=%2Fwp%2Fv2%2Fproduct_cat&post=3263"},{"taxonomy":"product_tag","embeddable":true,"href":"https:\/\/adhesifs-decals.fr\/index.php?rest_route=%2Fwp%2Fv2%2Fproduct_tag&post=3263"}],"curies":[{"name":"wp","href":"https:\/\/api.w.org\/{rel}","templated":true}]}}