{"id":3247,"date":"2021-04-14T10:03:26","date_gmt":"2021-04-14T08:03:26","guid":{"rendered":"https:\/\/adhesifs-decals.fr\/?post_type=product&#038;p=3247"},"modified":"2021-04-14T10:05:51","modified_gmt":"2021-04-14T08:05:51","slug":"alo-quicke2000-1","status":"publish","type":"product","link":"https:\/\/adhesifs-decals.fr\/?product=alo-quicke2000-1","title":{"rendered":"Alo-Quicke2000-1"},"content":{"rendered":"<p>Paire d\u2019autocollants pour chargeur Alo-Quicke 2000<u><\/u><u><\/u><\/p>\n<p>Impression, lamination d\u00e9coupe sur vinyle polym\u00e8re \u00e0 colle structur\u00e9e (cela \u00e9vite de faire des bulles lors du collage)<u><\/u><u><\/u><\/p>\n<p>2 pi\u00e8ces, stickers en finition brillante.<u><\/u><u><\/u><\/p>\n<p>Non OEM\u00a0, \u00e9l\u00e9ments adaptables sur v\u00e9hicule.<\/p>\n<p><a href=\"https:\/\/adhesifs-decals.fr\"><img decoding=\"async\" class=\"alignnone wp-image-42\" src=\"https:\/\/adhesifs-decals.fr\/wp-content\/uploads\/2019\/12\/logoAD-fi13159433x257.png\" alt=\"\" width=\"200\" height=\"99\" \/><\/a><\/p>\n<p>Pour plus d&rsquo;informations sur les produits ou pour une r\u00e9alisation sp\u00e9ciale veuillez nous contacter <a href=\"https:\/\/adhesifs-decals.fr\/?page_id=172\">ici <\/a>ou sur notre <a href=\"https:\/\/www.facebook.com\/Adh\u00e9sifs-D\u00e9cals-104616611296568\">Facebook.<\/a><\/p>\n","protected":false},"excerpt":{"rendered":"<p>Paire d\u2019autocollants pour chargeur Alo-Quicke 2000<u><\/u><u><\/u><\/p>\n<p>Impression, lamination d\u00e9coupe sur vinyle polym\u00e8re \u00e0 colle structur\u00e9e (cela \u00e9vite de faire des bulles lors du collage)<u><\/u><u><\/u><\/p>\n<p>2 pi\u00e8ces, stickers en finition brillante.<u><\/u><u><\/u><\/p>\n<p>Non OEM\u00a0, \u00e9l\u00e9ments adaptables sur v\u00e9hicule.<\/p>\n","protected":false},"featured_media":3248,"template":"","meta":[],"product_cat":[41],"product_tag":[],"aioseo_notices":[],"_links":{"self":[{"href":"https:\/\/adhesifs-decals.fr\/index.php?rest_route=\/wp\/v2\/product\/3247"}],"collection":[{"href":"https:\/\/adhesifs-decals.fr\/index.php?rest_route=\/wp\/v2\/product"}],"about":[{"href":"https:\/\/adhesifs-decals.fr\/index.php?rest_route=\/wp\/v2\/types\/product"}],"wp:featuredmedia":[{"embeddable":true,"href":"https:\/\/adhesifs-decals.fr\/index.php?rest_route=\/wp\/v2\/media\/3248"}],"wp:attachment":[{"href":"https:\/\/adhesifs-decals.fr\/index.php?rest_route=%2Fwp%2Fv2%2Fmedia&parent=3247"}],"wp:term":[{"taxonomy":"product_cat","embeddable":true,"href":"https:\/\/adhesifs-decals.fr\/index.php?rest_route=%2Fwp%2Fv2%2Fproduct_cat&post=3247"},{"taxonomy":"product_tag","embeddable":true,"href":"https:\/\/adhesifs-decals.fr\/index.php?rest_route=%2Fwp%2Fv2%2Fproduct_tag&post=3247"}],"curies":[{"name":"wp","href":"https:\/\/api.w.org\/{rel}","templated":true}]}}