{"id":3004,"date":"2020-11-21T10:34:45","date_gmt":"2020-11-21T09:34:45","guid":{"rendered":"https:\/\/adhesifs-decals.fr\/?post_type=product&#038;p=3004"},"modified":"2020-11-21T10:46:54","modified_gmt":"2020-11-21T09:46:54","slug":"fiat-b-211r","status":"publish","type":"product","link":"https:\/\/adhesifs-decals.fr\/?product=fiat-b-211r","title":{"rendered":"Jeu de bandeaux adh\u00e9sifs pour Fiat B-211R"},"content":{"rendered":"<p>Jeu de marquages pour Fiat 211R.<\/p>\n<p>Impression, lamination et d\u00e9coupe.<\/p>\n<p>Chiffres plac\u00e9s sous transfert pour faciliter la pose<\/p>\n<p>Non OEM\u00a0, \u00e9l\u00e9ments adaptables sur v\u00e9hicule.<\/p>\n<p><a href=\"https:\/\/adhesifs-decals.fr\"><img decoding=\"async\" class=\"alignnone wp-image-42\" src=\"https:\/\/adhesifs-decals.fr\/wp-content\/uploads\/2019\/12\/logoAD-fi13159433x257.png\" alt=\"\" width=\"200\" height=\"99\" \/><\/a><\/p>\n<p>Pour plus d&rsquo;informations sur les produits ou pour une r\u00e9alisation sp\u00e9ciale veuillez nous contacter <a href=\"https:\/\/adhesifs-decals.fr\/?page_id=172\">ici <\/a>ou sur notre <a href=\"https:\/\/www.facebook.com\/Adh\u00e9sifs-D\u00e9cals-104616611296568\">Facebook.<\/a><\/p>\n","protected":false},"excerpt":{"rendered":"<p>Jeu de marquages pour Fiat 211R.<\/p>\n<p>Impression, lamination et d\u00e9coupe.<\/p>\n<p>Chiffres plac\u00e9s sous transfert pour faciliter la pose<\/p>\n<p>Non OEM\u00a0, \u00e9l\u00e9ments adaptables sur v\u00e9hicule.<\/p>\n<p><img decoding=\"async\" class=\"alignnone size-medium wp-image-3010\" src=\"https:\/\/adhesifs-decals.fr\/wp-content\/uploads\/2020\/11\/Fiat-B-211R-2-300x90.png\" alt=\"\" width=\"300\" height=\"90\" srcset=\"https:\/\/adhesifs-decals.fr\/wp-content\/uploads\/2020\/11\/Fiat-B-211R-2-300x90.png 300w, https:\/\/adhesifs-decals.fr\/wp-content\/uploads\/2020\/11\/Fiat-B-211R-2-1024x307.png 1024w, https:\/\/adhesifs-decals.fr\/wp-content\/uploads\/2020\/11\/Fiat-B-211R-2-768x230.png 768w, https:\/\/adhesifs-decals.fr\/wp-content\/uploads\/2020\/11\/Fiat-B-211R-2-1200x360.png 1200w, https:\/\/adhesifs-decals.fr\/wp-content\/uploads\/2020\/11\/Fiat-B-211R-2.png 1394w\" sizes=\"(max-width: 300px) 100vw, 300px\" \/><\/p>\n","protected":false},"featured_media":3005,"template":"","meta":[],"product_cat":[36,35],"product_tag":[],"aioseo_notices":[],"_links":{"self":[{"href":"https:\/\/adhesifs-decals.fr\/index.php?rest_route=\/wp\/v2\/product\/3004"}],"collection":[{"href":"https:\/\/adhesifs-decals.fr\/index.php?rest_route=\/wp\/v2\/product"}],"about":[{"href":"https:\/\/adhesifs-decals.fr\/index.php?rest_route=\/wp\/v2\/types\/product"}],"wp:featuredmedia":[{"embeddable":true,"href":"https:\/\/adhesifs-decals.fr\/index.php?rest_route=\/wp\/v2\/media\/3005"}],"wp:attachment":[{"href":"https:\/\/adhesifs-decals.fr\/index.php?rest_route=%2Fwp%2Fv2%2Fmedia&parent=3004"}],"wp:term":[{"taxonomy":"product_cat","embeddable":true,"href":"https:\/\/adhesifs-decals.fr\/index.php?rest_route=%2Fwp%2Fv2%2Fproduct_cat&post=3004"},{"taxonomy":"product_tag","embeddable":true,"href":"https:\/\/adhesifs-decals.fr\/index.php?rest_route=%2Fwp%2Fv2%2Fproduct_tag&post=3004"}],"curies":[{"name":"wp","href":"https:\/\/api.w.org\/{rel}","templated":true}]}}