{"id":2764,"date":"2020-09-01T16:22:32","date_gmt":"2020-09-01T14:22:32","guid":{"rendered":"https:\/\/adhesifs-decals.fr\/?post_type=product&#038;p=2764"},"modified":"2020-09-01T16:23:23","modified_gmt":"2020-09-01T14:23:23","slug":"grille-de-vitesses-pour-renault-rn-0891","status":"publish","type":"product","link":"https:\/\/adhesifs-decals.fr\/?product=grille-de-vitesses-pour-renault-rn-0891","title":{"rendered":"Grille de vitesses pour Renault RN 0891"},"content":{"rendered":"<p>Grille de vitesses pour Renault 891<\/p>\n<p>Impression sur vinyle transparent.<\/p>\n<p>Non OEM\u00a0, \u00e9l\u00e9ments adaptables sur v\u00e9hicule.<\/p>\n<p><a href=\"https:\/\/adhesifs-decals.fr\"><img decoding=\"async\" class=\"alignnone wp-image-42\" src=\"https:\/\/adhesifs-decals.fr\/wp-content\/uploads\/2019\/12\/logoAD-fi13159433x257.png\" alt=\"\" width=\"200\" height=\"99\" \/><\/a><\/p>\n<p>Pour plus d&rsquo;informations sur les produits ou pour une r\u00e9alisation sp\u00e9ciale veuillez nous contacter <a href=\"https:\/\/adhesifs-decals.fr\/?page_id=172\">ici <\/a>ou sur notre <a href=\"https:\/\/www.facebook.com\/Adh\u00e9sifs-D\u00e9cals-104616611296568\">Facebook.<\/a><\/p>\n","protected":false},"excerpt":{"rendered":"<p>Grille de vitesses pour Renault 891<\/p>\n<p>Impression sur vinyle transparent.<\/p>\n<p>Non OEM\u00a0, \u00e9l\u00e9ments adaptables sur v\u00e9hicule.<\/p>\n","protected":false},"featured_media":2765,"template":"","meta":[],"product_cat":[45,20],"product_tag":[],"aioseo_notices":[],"_links":{"self":[{"href":"https:\/\/adhesifs-decals.fr\/index.php?rest_route=\/wp\/v2\/product\/2764"}],"collection":[{"href":"https:\/\/adhesifs-decals.fr\/index.php?rest_route=\/wp\/v2\/product"}],"about":[{"href":"https:\/\/adhesifs-decals.fr\/index.php?rest_route=\/wp\/v2\/types\/product"}],"wp:featuredmedia":[{"embeddable":true,"href":"https:\/\/adhesifs-decals.fr\/index.php?rest_route=\/wp\/v2\/media\/2765"}],"wp:attachment":[{"href":"https:\/\/adhesifs-decals.fr\/index.php?rest_route=%2Fwp%2Fv2%2Fmedia&parent=2764"}],"wp:term":[{"taxonomy":"product_cat","embeddable":true,"href":"https:\/\/adhesifs-decals.fr\/index.php?rest_route=%2Fwp%2Fv2%2Fproduct_cat&post=2764"},{"taxonomy":"product_tag","embeddable":true,"href":"https:\/\/adhesifs-decals.fr\/index.php?rest_route=%2Fwp%2Fv2%2Fproduct_tag&post=2764"}],"curies":[{"name":"wp","href":"https:\/\/api.w.org\/{rel}","templated":true}]}}