{"id":2713,"date":"2020-08-26T15:52:37","date_gmt":"2020-08-26T13:52:37","guid":{"rendered":"https:\/\/adhesifs-decals.fr\/?post_type=product&#038;p=2713"},"modified":"2020-09-02T10:41:46","modified_gmt":"2020-09-02T08:41:46","slug":"jeu-de-bandeaux-capot-pour-renault-rb-080","status":"publish","type":"product","link":"https:\/\/adhesifs-decals.fr\/?product=jeu-de-bandeaux-capot-pour-renault-rb-080","title":{"rendered":"Jeu de bandeaux adh\u00e9sifs pour RENAULT RB-080 capot"},"content":{"rendered":"<p>Jeu de marquages pour RENAULT 80.<\/p>\n<p>Impression, lamination d\u00e9coupe sur transparent.<\/p>\n<p>4 pi\u00e8ces.<\/p>\n<p>Choix de la longueur de bandeau capot.<\/p>\n<p>Non OEM\u00a0, \u00e9l\u00e9ments adaptables sur v\u00e9hicule.<\/p>\n<p><a href=\"https:\/\/adhesifs-decals.fr\"><img decoding=\"async\" class=\"alignnone wp-image-42\" src=\"https:\/\/adhesifs-decals.fr\/wp-content\/uploads\/2019\/12\/logoAD-fi13159433x257.png\" alt=\"\" width=\"200\" height=\"99\" \/><\/a><\/p>\n<p>Pour plus d&rsquo;informations sur les produits ou pour une r\u00e9alisation sp\u00e9ciale veuillez nous contacter <a href=\"https:\/\/adhesifs-decals.fr\/?page_id=172\">ici <\/a>ou sur notre <a href=\"https:\/\/www.facebook.com\/Adh\u00e9sifs-D\u00e9cals-104616611296568\">Facebook.<\/a><\/p>\n","protected":false},"excerpt":{"rendered":"<p>Jeu de marquages pour RENAULT 80.<\/p>\n<p>Impression, lamination d\u00e9coupe sur transparent.<\/p>\n<p>4 pi\u00e8ces.<\/p>\n<p>Choix de la longueur de bandeau capot.<\/p>\n<p>Non OEM\u00a0, \u00e9l\u00e9ments adaptables sur v\u00e9hicule.<\/p>\n<p><img fetchpriority=\"high\" decoding=\"async\" class=\"alignnone size-medium wp-image-2701\" src=\"https:\/\/adhesifs-decals.fr\/wp-content\/uploads\/2020\/08\/option-bandeau-300x170.png\" alt=\"\" width=\"300\" height=\"170\" srcset=\"https:\/\/adhesifs-decals.fr\/wp-content\/uploads\/2020\/08\/option-bandeau-300x170.png 300w, https:\/\/adhesifs-decals.fr\/wp-content\/uploads\/2020\/08\/option-bandeau-1024x579.png 1024w, https:\/\/adhesifs-decals.fr\/wp-content\/uploads\/2020\/08\/option-bandeau-768x434.png 768w, https:\/\/adhesifs-decals.fr\/wp-content\/uploads\/2020\/08\/option-bandeau.png 1128w\" sizes=\"(max-width: 300px) 100vw, 300px\" \/><\/p>\n","protected":false},"featured_media":2714,"template":"","meta":[],"product_cat":[19,20],"product_tag":[],"aioseo_notices":[],"_links":{"self":[{"href":"https:\/\/adhesifs-decals.fr\/index.php?rest_route=\/wp\/v2\/product\/2713"}],"collection":[{"href":"https:\/\/adhesifs-decals.fr\/index.php?rest_route=\/wp\/v2\/product"}],"about":[{"href":"https:\/\/adhesifs-decals.fr\/index.php?rest_route=\/wp\/v2\/types\/product"}],"wp:featuredmedia":[{"embeddable":true,"href":"https:\/\/adhesifs-decals.fr\/index.php?rest_route=\/wp\/v2\/media\/2714"}],"wp:attachment":[{"href":"https:\/\/adhesifs-decals.fr\/index.php?rest_route=%2Fwp%2Fv2%2Fmedia&parent=2713"}],"wp:term":[{"taxonomy":"product_cat","embeddable":true,"href":"https:\/\/adhesifs-decals.fr\/index.php?rest_route=%2Fwp%2Fv2%2Fproduct_cat&post=2713"},{"taxonomy":"product_tag","embeddable":true,"href":"https:\/\/adhesifs-decals.fr\/index.php?rest_route=%2Fwp%2Fv2%2Fproduct_tag&post=2713"}],"curies":[{"name":"wp","href":"https:\/\/api.w.org\/{rel}","templated":true}]}}