{"id":2656,"date":"2020-07-17T15:14:23","date_gmt":"2020-07-17T13:14:23","guid":{"rendered":"https:\/\/adhesifs-decals.fr\/?post_type=product&#038;p=2656"},"modified":"2020-09-02T10:42:14","modified_gmt":"2020-09-02T08:42:14","slug":"jeu-de-bandeaux-capot-pour-renault-rvb-080-14sp","status":"publish","type":"product","link":"https:\/\/adhesifs-decals.fr\/?product=jeu-de-bandeaux-capot-pour-renault-rvb-080-14sp","title":{"rendered":"Jeu de bandeaux adh\u00e9sifs pour RENAULT RVB-080-14SP capot"},"content":{"rendered":"<p>Jeu de bandeaux capot pour RENAULT RVB-080-14SP<\/p>\n<p>Vinyle polym\u00e8re noir, d\u00e9coup\u00e9 et plac\u00e9 sous transfert pour faciliter la pose<\/p>\n<p>Non OEM , \u00e9l\u00e9ments adaptables sur v\u00e9hicule.<\/p>\n<p><a href=\"https:\/\/adhesifs-decals.fr\"><img decoding=\"async\" class=\"alignnone wp-image-42\" src=\"https:\/\/adhesifs-decals.fr\/wp-content\/uploads\/2019\/12\/logoAD-fi13159433x257.png\" alt=\"\" width=\"200\" height=\"99\" \/><\/a><\/p>\n<p>Pour plus d&rsquo;informations sur les produits ou pour une r\u00e9alisation sp\u00e9ciale veuillez nous contacter <a href=\"https:\/\/adhesifs-decals.fr\/?page_id=172\">ici<\/a>.<\/p>\n<p>&nbsp;<\/p>\n","protected":false},"excerpt":{"rendered":"<p>Jeu de bandeaux capot pour RENAULT RVB-080-14SP<\/p>\n<p>Vinyle polym\u00e8re noir, d\u00e9coup\u00e9 et plac\u00e9 sous transfert pour faciliter la pose<\/p>\n<p>Non OEM , \u00e9l\u00e9ments adaptables sur v\u00e9hicule.<\/p>\n","protected":false},"featured_media":2657,"template":"","meta":[],"product_cat":[19,20],"product_tag":[],"aioseo_notices":[],"_links":{"self":[{"href":"https:\/\/adhesifs-decals.fr\/index.php?rest_route=\/wp\/v2\/product\/2656"}],"collection":[{"href":"https:\/\/adhesifs-decals.fr\/index.php?rest_route=\/wp\/v2\/product"}],"about":[{"href":"https:\/\/adhesifs-decals.fr\/index.php?rest_route=\/wp\/v2\/types\/product"}],"wp:featuredmedia":[{"embeddable":true,"href":"https:\/\/adhesifs-decals.fr\/index.php?rest_route=\/wp\/v2\/media\/2657"}],"wp:attachment":[{"href":"https:\/\/adhesifs-decals.fr\/index.php?rest_route=%2Fwp%2Fv2%2Fmedia&parent=2656"}],"wp:term":[{"taxonomy":"product_cat","embeddable":true,"href":"https:\/\/adhesifs-decals.fr\/index.php?rest_route=%2Fwp%2Fv2%2Fproduct_cat&post=2656"},{"taxonomy":"product_tag","embeddable":true,"href":"https:\/\/adhesifs-decals.fr\/index.php?rest_route=%2Fwp%2Fv2%2Fproduct_tag&post=2656"}],"curies":[{"name":"wp","href":"https:\/\/api.w.org\/{rel}","templated":true}]}}