{"id":2629,"date":"2020-07-02T11:07:37","date_gmt":"2020-07-02T09:07:37","guid":{"rendered":"https:\/\/adhesifs-decals.fr\/?post_type=product&#038;p=2629"},"modified":"2020-10-07T11:59:02","modified_gmt":"2020-10-07T09:59:02","slug":"jeu-de-bandeaux-adhesifs-pour-someca-som-0511","status":"publish","type":"product","link":"https:\/\/adhesifs-decals.fr\/?product=jeu-de-bandeaux-adhesifs-pour-someca-som-0511","title":{"rendered":"Jeu de bandeaux adh\u00e9sifs pour Someca Som-0511"},"content":{"rendered":"<p>Jeu de bandeaux adh\u00e9sifs capot pour Someca 511.<u><\/u><\/p>\n<p><span data-sheets-value=\"{&quot;1&quot;:2,&quot;2&quot;:&quot;impresion, lamination et d\u00e9coupe. Chiffres en vinyle noir, d\u00e9coup\u00e9s et plac\u00e9s sous transfert pour faciliter la pose.&quot;}\">Impression, lamination et d\u00e9coupe plac\u00e9s sous transfert pour faciliter la pose. sticker facile \u00e0 poser.<\/span><\/p>\n<p>Non OEM\u00a0, \u00e9l\u00e9ments adaptables sur v\u00e9hicule.<\/p>\n<p><a href=\"https:\/\/adhesifs-decals.fr\"><img decoding=\"async\" class=\"alignnone wp-image-42\" src=\"https:\/\/adhesifs-decals.fr\/wp-content\/uploads\/2019\/12\/logoAD-fi13159433x257.png\" alt=\"\" width=\"200\" height=\"99\" \/><\/a><\/p>\n<p>Pour plus d&rsquo;informations sur les produits ou pour une r\u00e9alisation sp\u00e9ciale veuillez nous contacter <a href=\"https:\/\/adhesifs-decals.fr\/?page_id=172\">ici <\/a>ou sur notre <a href=\"https:\/\/www.facebook.com\/Adh\u00e9sifs-D\u00e9cals-104616611296568\">Facebook.<\/a><\/p>\n","protected":false},"excerpt":{"rendered":"<p>Jeu de bandeaux adh\u00e9sifs capot pour Someca 511.<u><\/u><\/p>\n<p><span data-sheets-value=\"{&quot;1&quot;:2,&quot;2&quot;:&quot;impresion, lamination et d\u00e9coupe. Chiffres en vinyle noir, d\u00e9coup\u00e9s et plac\u00e9s sous transfert pour faciliter la pose.&quot;}\">Impression, lamination et d\u00e9coupe plac\u00e9s sous transfert pour faciliter la pose. sticker facile \u00e0 poser.<\/span><\/p>\n<p>Non OEM\u00a0, \u00e9l\u00e9ments adaptables sur v\u00e9hicule.<\/p>\n","protected":false},"featured_media":2630,"template":"","meta":[],"product_cat":[27,26],"product_tag":[],"aioseo_notices":[],"_links":{"self":[{"href":"https:\/\/adhesifs-decals.fr\/index.php?rest_route=\/wp\/v2\/product\/2629"}],"collection":[{"href":"https:\/\/adhesifs-decals.fr\/index.php?rest_route=\/wp\/v2\/product"}],"about":[{"href":"https:\/\/adhesifs-decals.fr\/index.php?rest_route=\/wp\/v2\/types\/product"}],"wp:featuredmedia":[{"embeddable":true,"href":"https:\/\/adhesifs-decals.fr\/index.php?rest_route=\/wp\/v2\/media\/2630"}],"wp:attachment":[{"href":"https:\/\/adhesifs-decals.fr\/index.php?rest_route=%2Fwp%2Fv2%2Fmedia&parent=2629"}],"wp:term":[{"taxonomy":"product_cat","embeddable":true,"href":"https:\/\/adhesifs-decals.fr\/index.php?rest_route=%2Fwp%2Fv2%2Fproduct_cat&post=2629"},{"taxonomy":"product_tag","embeddable":true,"href":"https:\/\/adhesifs-decals.fr\/index.php?rest_route=%2Fwp%2Fv2%2Fproduct_tag&post=2629"}],"curies":[{"name":"wp","href":"https:\/\/api.w.org\/{rel}","templated":true}]}}