{"id":2624,"date":"2020-07-01T15:45:34","date_gmt":"2020-07-01T13:45:34","guid":{"rendered":"https:\/\/adhesifs-decals.fr\/?post_type=product&#038;p=2624"},"modified":"2022-06-13T10:44:19","modified_gmt":"2022-06-13T08:44:19","slug":"jeu-de-bandeaux-adhesifs-pour-renault-rg-0088","status":"publish","type":"product","link":"https:\/\/adhesifs-decals.fr\/?product=jeu-de-bandeaux-adhesifs-pour-renault-rg-0088","title":{"rendered":"Jeu de bandeaux adh\u00e9sifs pour Renault RG-0088"},"content":{"rendered":"<p>Jeu de bandeaux capot pour RENAULT RG-0088<\/p>\n<p>4 pi\u00e8ces, stickers en finition mate.<\/p>\n<p>Non OEM, \u00e9l\u00e9ments adaptables sur le v\u00e9hicule.<\/p>\n<p><a href=\"https:\/\/adhesifs-decals.fr\"><img decoding=\"async\" class=\"alignnone wp-image-42\" src=\"https:\/\/adhesifs-decals.fr\/wp-content\/uploads\/2019\/12\/logoAD-fi13159433x257.png\" alt=\"\" width=\"200\" height=\"99\" \/><\/a><\/p>\n<p>Pour plus d&rsquo;informations sur les produits ou pour une r\u00e9alisation sp\u00e9ciale veuillez nous contacter <a href=\"https:\/\/adhesifs-decals.fr\/?page_id=172\">ici<\/a>.<\/p>\n<p>&nbsp;<\/p>\n","protected":false},"excerpt":{"rendered":"<p>Jeu de bandeaux capot pour RENAULT RG-0088<\/p>\n<p>4 pi\u00e8ces, stickers en finition mate.<\/p>\n<p>Non OEM, \u00e9l\u00e9ments adaptables sur le v\u00e9hicule.<\/p>\n","protected":false},"featured_media":2625,"template":"","meta":[],"product_cat":[19,20],"product_tag":[],"aioseo_notices":[],"_links":{"self":[{"href":"https:\/\/adhesifs-decals.fr\/index.php?rest_route=\/wp\/v2\/product\/2624"}],"collection":[{"href":"https:\/\/adhesifs-decals.fr\/index.php?rest_route=\/wp\/v2\/product"}],"about":[{"href":"https:\/\/adhesifs-decals.fr\/index.php?rest_route=\/wp\/v2\/types\/product"}],"wp:featuredmedia":[{"embeddable":true,"href":"https:\/\/adhesifs-decals.fr\/index.php?rest_route=\/wp\/v2\/media\/2625"}],"wp:attachment":[{"href":"https:\/\/adhesifs-decals.fr\/index.php?rest_route=%2Fwp%2Fv2%2Fmedia&parent=2624"}],"wp:term":[{"taxonomy":"product_cat","embeddable":true,"href":"https:\/\/adhesifs-decals.fr\/index.php?rest_route=%2Fwp%2Fv2%2Fproduct_cat&post=2624"},{"taxonomy":"product_tag","embeddable":true,"href":"https:\/\/adhesifs-decals.fr\/index.php?rest_route=%2Fwp%2Fv2%2Fproduct_tag&post=2624"}],"curies":[{"name":"wp","href":"https:\/\/api.w.org\/{rel}","templated":true}]}}