{"id":2506,"date":"2020-06-22T15:53:48","date_gmt":"2020-06-22T13:53:48","guid":{"rendered":"https:\/\/adhesifs-decals.fr\/?post_type=product&#038;p=2506"},"modified":"2020-06-22T16:34:44","modified_gmt":"2020-06-22T14:34:44","slug":"jeu-de-bandeaux-adhesifs-pour-someca-som-0271","status":"publish","type":"product","link":"https:\/\/adhesifs-decals.fr\/?product=jeu-de-bandeaux-adhesifs-pour-someca-som-0271","title":{"rendered":"Jeu de bandeaux adh\u00e9sifs pour Someca Som-0271"},"content":{"rendered":"<p>Jeu de bandeaux adh\u00e9sifs capot pour Someca 271.<u><\/u><\/p>\n<p><span data-sheets-value=\"{&quot;1&quot;:2,&quot;2&quot;:&quot;Impression, lamination et d\u00e9coupe.&quot;}\">Impression, lamination et d\u00e9coupe, stickers en finition brillante.\u00a0<\/span><u><\/u><\/p>\n<p>Non OEM\u00a0, \u00e9l\u00e9ments adaptables sur v\u00e9hicule.<\/p>\n<p><a href=\"https:\/\/adhesifs-decals.fr\"><img decoding=\"async\" class=\"alignnone wp-image-42\" src=\"https:\/\/adhesifs-decals.fr\/wp-content\/uploads\/2019\/12\/logoAD-fi13159433x257.png\" alt=\"\" width=\"200\" height=\"99\" \/><\/a><\/p>\n<p>Pour plus d&rsquo;informations sur les produits ou pour une r\u00e9alisation sp\u00e9ciale veuillez nous contacter <a href=\"https:\/\/adhesifs-decals.fr\/?page_id=172\">ici <\/a>ou sur notre <a href=\"https:\/\/www.facebook.com\/Adh\u00e9sifs-D\u00e9cals-104616611296568\">Facebook.<\/a><\/p>\n","protected":false},"excerpt":{"rendered":"<p>Jeu de bandeaux adh\u00e9sifs capot pour Someca 271.<u><\/u><\/p>\n<p><span data-sheets-value=\"{&quot;1&quot;:2,&quot;2&quot;:&quot;Impression, lamination et d\u00e9coupe.&quot;}\">Impression, lamination et d\u00e9coupe, stickers en finition brillante.\u00a0<\/span><\/p>\n<p>Non OEM\u00a0, \u00e9l\u00e9ments adaptables sur v\u00e9hicule.<\/p>\n","protected":false},"featured_media":2507,"template":"","meta":[],"product_cat":[27,26],"product_tag":[],"aioseo_notices":[],"_links":{"self":[{"href":"https:\/\/adhesifs-decals.fr\/index.php?rest_route=\/wp\/v2\/product\/2506"}],"collection":[{"href":"https:\/\/adhesifs-decals.fr\/index.php?rest_route=\/wp\/v2\/product"}],"about":[{"href":"https:\/\/adhesifs-decals.fr\/index.php?rest_route=\/wp\/v2\/types\/product"}],"wp:featuredmedia":[{"embeddable":true,"href":"https:\/\/adhesifs-decals.fr\/index.php?rest_route=\/wp\/v2\/media\/2507"}],"wp:attachment":[{"href":"https:\/\/adhesifs-decals.fr\/index.php?rest_route=%2Fwp%2Fv2%2Fmedia&parent=2506"}],"wp:term":[{"taxonomy":"product_cat","embeddable":true,"href":"https:\/\/adhesifs-decals.fr\/index.php?rest_route=%2Fwp%2Fv2%2Fproduct_cat&post=2506"},{"taxonomy":"product_tag","embeddable":true,"href":"https:\/\/adhesifs-decals.fr\/index.php?rest_route=%2Fwp%2Fv2%2Fproduct_tag&post=2506"}],"curies":[{"name":"wp","href":"https:\/\/api.w.org\/{rel}","templated":true}]}}