{"id":2366,"date":"2020-06-08T12:19:37","date_gmt":"2020-06-08T10:19:37","guid":{"rendered":"https:\/\/adhesifs-decals.fr\/?post_type=product&#038;p=2366"},"modified":"2020-09-14T15:42:00","modified_gmt":"2020-09-14T13:42:00","slug":"bandeau-adhesif-pour-renault-r-haut-cabine-tl","status":"publish","type":"product","link":"https:\/\/adhesifs-decals.fr\/?product=bandeau-adhesif-pour-renault-r-haut-cabine-tl","title":{"rendered":"Bandeau adh\u00e9sif pour Renault R-Haut cabine TL"},"content":{"rendered":"<p>Bandeau de haut de cabine pour Renault R-Haut cabine TL<\/p>\n<p>Vinyle polym\u00e8re noir ou blanc, d\u00e9coup\u00e9 et plac\u00e9 sous transfert pour faciliter la pose<\/p>\n<p>Non OEM\u00a0, \u00e9l\u00e9ments adaptables sur v\u00e9hicule.<\/p>\n<p><a href=\"https:\/\/adhesifs-decals.fr\"><img decoding=\"async\" class=\"alignnone wp-image-42\" src=\"https:\/\/adhesifs-decals.fr\/wp-content\/uploads\/2019\/12\/logoAD-fi13159433x257.png\" alt=\"\" width=\"200\" height=\"99\" \/><\/a><\/p>\n<p>Pour plus d&rsquo;informations sur les produits ou pour une r\u00e9alisation sp\u00e9ciale veuillez nous contacter <a href=\"https:\/\/adhesifs-decals.fr\/?page_id=172\">ici<\/a>.<\/p>\n<p>&nbsp;<\/p>\n","protected":false},"excerpt":{"rendered":"<p>Bandeau de haut de cabine pour Renault R-Haut cabine TL<\/p>\n<p>Vinyle polym\u00e8re noir ou blanc, d\u00e9coup\u00e9 et plac\u00e9 sous transfert pour faciliter la pose<\/p>\n<p>Non OEM\u00a0, \u00e9l\u00e9ments adaptables sur v\u00e9hicule.<\/p>\n","protected":false},"featured_media":2367,"template":"","meta":[],"product_cat":[24,44,20],"product_tag":[],"aioseo_notices":[],"_links":{"self":[{"href":"https:\/\/adhesifs-decals.fr\/index.php?rest_route=\/wp\/v2\/product\/2366"}],"collection":[{"href":"https:\/\/adhesifs-decals.fr\/index.php?rest_route=\/wp\/v2\/product"}],"about":[{"href":"https:\/\/adhesifs-decals.fr\/index.php?rest_route=\/wp\/v2\/types\/product"}],"wp:featuredmedia":[{"embeddable":true,"href":"https:\/\/adhesifs-decals.fr\/index.php?rest_route=\/wp\/v2\/media\/2367"}],"wp:attachment":[{"href":"https:\/\/adhesifs-decals.fr\/index.php?rest_route=%2Fwp%2Fv2%2Fmedia&parent=2366"}],"wp:term":[{"taxonomy":"product_cat","embeddable":true,"href":"https:\/\/adhesifs-decals.fr\/index.php?rest_route=%2Fwp%2Fv2%2Fproduct_cat&post=2366"},{"taxonomy":"product_tag","embeddable":true,"href":"https:\/\/adhesifs-decals.fr\/index.php?rest_route=%2Fwp%2Fv2%2Fproduct_tag&post=2366"}],"curies":[{"name":"wp","href":"https:\/\/api.w.org\/{rel}","templated":true}]}}