{"id":2131,"date":"2020-06-05T14:35:21","date_gmt":"2020-06-05T12:35:21","guid":{"rendered":"https:\/\/adhesifs-decals.fr\/?post_type=product&#038;p=2131"},"modified":"2022-06-13T14:16:27","modified_gmt":"2022-06-13T12:16:27","slug":"adhesifs-international-ihc-1055xl","status":"publish","type":"product","link":"https:\/\/adhesifs-decals.fr\/?product=adhesifs-international-ihc-1055xl","title":{"rendered":"Jeu de bandeaux adh\u00e9sifs pour International IHC-1055XL"},"content":{"rendered":"<p><img decoding=\"async\" class=\"alignnone size-medium wp-image-2457\" src=\"https:\/\/adhesifs-decals.fr\/wp-content\/uploads\/2020\/06\/IHC-Kit1-300x118.png\" alt=\"\" width=\"300\" height=\"118\" srcset=\"https:\/\/adhesifs-decals.fr\/wp-content\/uploads\/2020\/06\/IHC-Kit1-300x118.png 300w, https:\/\/adhesifs-decals.fr\/wp-content\/uploads\/2020\/06\/IHC-Kit1-1024x403.png 1024w, https:\/\/adhesifs-decals.fr\/wp-content\/uploads\/2020\/06\/IHC-Kit1-768x302.png 768w, https:\/\/adhesifs-decals.fr\/wp-content\/uploads\/2020\/06\/IHC-Kit1-1536x605.png 1536w, https:\/\/adhesifs-decals.fr\/wp-content\/uploads\/2020\/06\/IHC-Kit1-2048x806.png 2048w, https:\/\/adhesifs-decals.fr\/wp-content\/uploads\/2020\/06\/IHC-Kit1-1200x472.png 1200w\" sizes=\"(max-width: 300px) 100vw, 300px\" \/><\/p>\n<p><img fetchpriority=\"high\" decoding=\"async\" class=\"alignnone size-medium wp-image-2458\" src=\"https:\/\/adhesifs-decals.fr\/wp-content\/uploads\/2020\/06\/IHC-Kit2-1-300x178.png\" alt=\"\" width=\"300\" height=\"178\" srcset=\"https:\/\/adhesifs-decals.fr\/wp-content\/uploads\/2020\/06\/IHC-Kit2-1-300x178.png 300w, https:\/\/adhesifs-decals.fr\/wp-content\/uploads\/2020\/06\/IHC-Kit2-1-1024x607.png 1024w, https:\/\/adhesifs-decals.fr\/wp-content\/uploads\/2020\/06\/IHC-Kit2-1-768x456.png 768w, https:\/\/adhesifs-decals.fr\/wp-content\/uploads\/2020\/06\/IHC-Kit2-1-1536x911.png 1536w, https:\/\/adhesifs-decals.fr\/wp-content\/uploads\/2020\/06\/IHC-Kit2-1-2048x1215.png 2048w, https:\/\/adhesifs-decals.fr\/wp-content\/uploads\/2020\/06\/IHC-Kit2-1-1200x712.png 1200w\" sizes=\"(max-width: 300px) 100vw, 300px\" \/><\/p>\n<p><img decoding=\"async\" class=\"alignnone size-medium wp-image-2459\" src=\"https:\/\/adhesifs-decals.fr\/wp-content\/uploads\/2020\/06\/IHC-Kit3-1-300x215.png\" alt=\"\" width=\"300\" height=\"215\" srcset=\"https:\/\/adhesifs-decals.fr\/wp-content\/uploads\/2020\/06\/IHC-Kit3-1-300x215.png 300w, https:\/\/adhesifs-decals.fr\/wp-content\/uploads\/2020\/06\/IHC-Kit3-1-1024x733.png 1024w, https:\/\/adhesifs-decals.fr\/wp-content\/uploads\/2020\/06\/IHC-Kit3-1-768x550.png 768w, https:\/\/adhesifs-decals.fr\/wp-content\/uploads\/2020\/06\/IHC-Kit3-1-1536x1100.png 1536w, https:\/\/adhesifs-decals.fr\/wp-content\/uploads\/2020\/06\/IHC-Kit3-1-2048x1466.png 2048w, https:\/\/adhesifs-decals.fr\/wp-content\/uploads\/2020\/06\/IHC-Kit3-1-1200x859.png 1200w\" sizes=\"(max-width: 300px) 100vw, 300px\" \/><\/p>\n<p>&nbsp;<\/p>\n<p>Jeu de bandeaux adh\u00e9sifs capot pour International IHC-1055XL<\/p>\n<p>Impression, lamination d\u00e9coupe sur vinyle polym\u00e8re \u00e0 colle structur\u00e9e (cela \u00e9vite de faire des bulles lors du collage)<\/p>\n<p>2 pi\u00e8ces, stickers en finition brillante.<\/p>\n<p>Non OEM\u00a0, \u00e9l\u00e9ments adaptables sur v\u00e9hicule.<\/p>\n<p><a href=\"https:\/\/adhesifs-decals.fr\"><img loading=\"lazy\" decoding=\"async\" class=\"alignnone wp-image-42\" src=\"https:\/\/adhesifs-decals.fr\/wp-content\/uploads\/2019\/12\/logoAD-fi13159433x257.png\" alt=\"\" width=\"200\" height=\"99\" \/><\/a><\/p>\n<p>Pour plus d&rsquo;informations sur les produits ou pour une r\u00e9alisation sp\u00e9ciale veuillez nous contacter <a href=\"https:\/\/adhesifs-decals.fr\/?page_id=172\">ici <\/a>ou sur notre <a href=\"https:\/\/www.facebook.com\/Adh\u00e9sifs-D\u00e9cals-104616611296568\">Facebook.<\/a><\/p>\n<p>&nbsp;<\/p>\n","protected":false},"excerpt":{"rendered":"<p>Jeu de bandeaux adh\u00e9sifs capot pour International IHC-1055XL<\/p>\n<p>Impression, lamination d\u00e9coupe sur vinyle polym\u00e8re \u00e0 colle structur\u00e9e (cela \u00e9vite de faire des bulles lors du collage)<\/p>\n<p>2 pi\u00e8ces, stickers en finition brillante.<\/p>\n<p>Non OEM\u00a0, \u00e9l\u00e9ments adaptables sur v\u00e9hicule.<\/p>\n","protected":false},"featured_media":2132,"template":"","meta":[],"product_cat":[23,21],"product_tag":[],"aioseo_notices":[],"_links":{"self":[{"href":"https:\/\/adhesifs-decals.fr\/index.php?rest_route=\/wp\/v2\/product\/2131"}],"collection":[{"href":"https:\/\/adhesifs-decals.fr\/index.php?rest_route=\/wp\/v2\/product"}],"about":[{"href":"https:\/\/adhesifs-decals.fr\/index.php?rest_route=\/wp\/v2\/types\/product"}],"wp:featuredmedia":[{"embeddable":true,"href":"https:\/\/adhesifs-decals.fr\/index.php?rest_route=\/wp\/v2\/media\/2132"}],"wp:attachment":[{"href":"https:\/\/adhesifs-decals.fr\/index.php?rest_route=%2Fwp%2Fv2%2Fmedia&parent=2131"}],"wp:term":[{"taxonomy":"product_cat","embeddable":true,"href":"https:\/\/adhesifs-decals.fr\/index.php?rest_route=%2Fwp%2Fv2%2Fproduct_cat&post=2131"},{"taxonomy":"product_tag","embeddable":true,"href":"https:\/\/adhesifs-decals.fr\/index.php?rest_route=%2Fwp%2Fv2%2Fproduct_tag&post=2131"}],"curies":[{"name":"wp","href":"https:\/\/api.w.org\/{rel}","templated":true}]}}