{"id":1941,"date":"2020-05-11T11:45:16","date_gmt":"2020-05-11T09:45:16","guid":{"rendered":"https:\/\/adhesifs-decals.fr\/?post_type=product&#038;p=1941"},"modified":"2020-08-27T14:37:34","modified_gmt":"2020-08-27T12:37:34","slug":"alo-quicke2030","status":"publish","type":"product","link":"https:\/\/adhesifs-decals.fr\/?product=alo-quicke2030","title":{"rendered":"Alo-Quicke2030"},"content":{"rendered":"<p>Autocollant pour chargeur Alo-Quicke2030<\/p>\n<p>Adh\u00e9sifs en vinyle blanc, plac\u00e9 sous transfert et impression d\u00e9coupe.<\/p>\n<p>Non OEM\u00a0, \u00e9l\u00e9ments adaptables sur v\u00e9hicule.<\/p>\n<p><a href=\"https:\/\/adhesifs-decals.fr\"><img decoding=\"async\" class=\"alignnone wp-image-42\" src=\"https:\/\/adhesifs-decals.fr\/wp-content\/uploads\/2019\/12\/logoAD-fi13159433x257.png\" alt=\"\" width=\"200\" height=\"99\" \/><\/a><\/p>\n<p>Pour plus d&rsquo;informations sur les produits ou pour une r\u00e9alisation sp\u00e9ciale veuillez nous contacter <a href=\"https:\/\/adhesifs-decals.fr\/?page_id=172\">ici <\/a>ou sur notre <a href=\"https:\/\/www.facebook.com\/Adh\u00e9sifs-D\u00e9cals-104616611296568\">Facebook.<\/a><\/p>\n","protected":false},"excerpt":{"rendered":"<p>Autocollant pour chargeur Alo-Quicke2030<\/p>\n<p>Adh\u00e9sifs en vinyle blanc, plac\u00e9 sous transfert et impression d\u00e9coupe.<\/p>\n<p>Non OEM\u00a0, \u00e9l\u00e9ments adaptables sur v\u00e9hicule.<\/p>\n","protected":false},"featured_media":1942,"template":"","meta":[],"product_cat":[41],"product_tag":[],"aioseo_notices":[],"_links":{"self":[{"href":"https:\/\/adhesifs-decals.fr\/index.php?rest_route=\/wp\/v2\/product\/1941"}],"collection":[{"href":"https:\/\/adhesifs-decals.fr\/index.php?rest_route=\/wp\/v2\/product"}],"about":[{"href":"https:\/\/adhesifs-decals.fr\/index.php?rest_route=\/wp\/v2\/types\/product"}],"wp:featuredmedia":[{"embeddable":true,"href":"https:\/\/adhesifs-decals.fr\/index.php?rest_route=\/wp\/v2\/media\/1942"}],"wp:attachment":[{"href":"https:\/\/adhesifs-decals.fr\/index.php?rest_route=%2Fwp%2Fv2%2Fmedia&parent=1941"}],"wp:term":[{"taxonomy":"product_cat","embeddable":true,"href":"https:\/\/adhesifs-decals.fr\/index.php?rest_route=%2Fwp%2Fv2%2Fproduct_cat&post=1941"},{"taxonomy":"product_tag","embeddable":true,"href":"https:\/\/adhesifs-decals.fr\/index.php?rest_route=%2Fwp%2Fv2%2Fproduct_tag&post=1941"}],"curies":[{"name":"wp","href":"https:\/\/api.w.org\/{rel}","templated":true}]}}