{"id":1100,"date":"2020-04-02T16:28:20","date_gmt":"2020-04-02T14:28:20","guid":{"rendered":"https:\/\/adhesifs-decals.fr\/?post_type=product&#038;p=1100"},"modified":"2020-06-01T11:16:49","modified_gmt":"2020-06-01T09:16:49","slug":"r-bandes-montant-mx","status":"publish","type":"product","link":"https:\/\/adhesifs-decals.fr\/?product=r-bandes-montant-mx","title":{"rendered":"R-Bandes montant MX"},"content":{"rendered":"","protected":false},"excerpt":{"rendered":"<p><span data-sheets-value=\"{&quot;1&quot;:2,&quot;2&quot;:&quot;Bandes de montants de cabine TX. Vinyle d\u00e9coup\u00e9 et plac\u00e9 sous transfert pour faciliter la pose.&quot;}\">Bandes de montants de cabine MX. Vinyle d\u00e9coup\u00e9 et plac\u00e9 sous transfert pour faciliter la pose.<\/span><\/p>\n","protected":false},"featured_media":1101,"template":"","meta":[],"product_cat":[24,44,20],"product_tag":[],"aioseo_notices":[],"_links":{"self":[{"href":"https:\/\/adhesifs-decals.fr\/index.php?rest_route=\/wp\/v2\/product\/1100"}],"collection":[{"href":"https:\/\/adhesifs-decals.fr\/index.php?rest_route=\/wp\/v2\/product"}],"about":[{"href":"https:\/\/adhesifs-decals.fr\/index.php?rest_route=\/wp\/v2\/types\/product"}],"wp:featuredmedia":[{"embeddable":true,"href":"https:\/\/adhesifs-decals.fr\/index.php?rest_route=\/wp\/v2\/media\/1101"}],"wp:attachment":[{"href":"https:\/\/adhesifs-decals.fr\/index.php?rest_route=%2Fwp%2Fv2%2Fmedia&parent=1100"}],"wp:term":[{"taxonomy":"product_cat","embeddable":true,"href":"https:\/\/adhesifs-decals.fr\/index.php?rest_route=%2Fwp%2Fv2%2Fproduct_cat&post=1100"},{"taxonomy":"product_tag","embeddable":true,"href":"https:\/\/adhesifs-decals.fr\/index.php?rest_route=%2Fwp%2Fv2%2Fproduct_tag&post=1100"}],"curies":[{"name":"wp","href":"https:\/\/api.w.org\/{rel}","templated":true}]}}